{"id":1420,"date":"2024-11-24T22:35:22","date_gmt":"2024-11-24T22:35:22","guid":{"rendered":"https:\/\/itclogic.com\/?page_id=1420"},"modified":"2025-08-05T19:55:32","modified_gmt":"2025-08-05T19:55:32","slug":"privacy-policy","status":"publish","type":"page","link":"https:\/\/itclogic.com\/ro\/privacy-policy\/","title":{"rendered":"Politica de confiden\u021bialitate"},"content":{"rendered":"\n<div style=\"height:65px\" aria-hidden=\"true\" class=\"wp-block-spacer\"><\/div>\n\n\n\n<p><strong>Ultima actualizare: 05 august 2024<\/strong><\/p>\n\n\n\n<p>Aceast\u0103 Politic\u0103 de Confiden\u021bialitate descrie politicile \u0219i procedurile noastre privind colectarea, utilizarea \u0219i divulgarea datelor dumneavoastr\u0103 atunci c\u00e2nd utiliza\u021bi Serviciul \u0219i v\u0103 informeaz\u0103 despre drepturile dumneavoastr\u0103 \u00een materie de confiden\u021bialitate \u0219i despre modul \u00een care legea v\u0103 protejeaz\u0103.<\/p>\n\n\n\n<p>Folosim datele dumneavoastr\u0103 cu caracter personal pentru a furniza \u0219i \u00eembun\u0103t\u0103\u021bi Serviciul. Prin utilizarea Serviciului, sunte\u021bi de acord cu colectarea \u0219i utilizarea informa\u021biilor \u00een conformitate cu aceast\u0103 Politic\u0103 de Confiden\u021bialitate.<\/p>\n\n\n\n<hr class=\"wp-block-separator has-alpha-channel-opacity\"\/>\n\n\n\n<h2 class=\"wp-block-heading\">Interpretare \u0219i defini\u021bii<\/h2>\n\n\n\n<h3 class=\"wp-block-heading\">Interpretare<\/h3>\n\n\n\n<p>Cuvintele al c\u0103ror prim\u0103 liter\u0103 este scris\u0103 cu majuscul\u0103 au \u00een\u021belesuri definite \u00een condi\u021biile urm\u0103toare. Defini\u021biile urm\u0103toare vor avea acela\u0219i \u00een\u021beles indiferent dac\u0103 apar la singular sau la plural.<\/p>\n\n\n\n<h3 class=\"wp-block-heading\">Defini\u021bii<\/h3>\n\n\n\n<p>\u00cen scopul acestei Politici de Confiden\u021bialitate:<\/p>\n\n\n\n<ul class=\"wp-block-list\">\n<li><strong>Cont<\/strong> \u00eenseamn\u0103 un cont unic creat pentru a accesa Serviciul nostru sau p\u0103r\u021bi din acesta.<\/li>\n\n\n\n<li><strong>Companie<\/strong> (denumit\u0103 \u00een continuare &#8220;Compania&#8221;, &#8220;Noi&#8221;, &#8220;Ne&#8221; sau &#8220;Nostru&#8221;) se refer\u0103 la ITC LOGIC SOLUTIONS SRL, str. Baba Novac nr. 23, Bucure\u0219ti, Rom\u00e2nia.<\/li>\n\n\n\n<li><strong>Cookies<\/strong> sunt fi\u0219iere mici stocate pe dispozitivul dumneavoastr\u0103, ce con\u021bin date despre istoricul de navigare.<\/li>\n\n\n\n<li><strong>\u021aar\u0103<\/strong> se refer\u0103 la: Rom\u00e2nia<\/li>\n\n\n\n<li><strong>Dispozitiv<\/strong> \u00eenseamn\u0103 orice dispozitiv care poate accesa Serviciul, cum ar fi un computer, telefon mobil sau tablet\u0103.<\/li>\n\n\n\n<li><strong>Date cu caracter personal<\/strong> \u00eenseamn\u0103 orice informa\u021bie care identific\u0103 sau poate identifica o persoan\u0103 fizic\u0103.<\/li>\n\n\n\n<li><strong>Serviciu<\/strong> se refer\u0103 la Website.<\/li>\n\n\n\n<li><strong>Furnizor de servicii<\/strong> \u00eenseamn\u0103 orice persoan\u0103 fizic\u0103 sau juridic\u0103 ce proceseaz\u0103 datele \u00een numele Companiei.<\/li>\n\n\n\n<li><strong>Date de utilizare<\/strong> \u00eenseamn\u0103 date colectate automat, fie generate de utilizarea Serviciului, fie de infrastructura Serviciului \u00een sine (ex: durata unei vizite pe o pagin\u0103).<\/li>\n\n\n\n<li><strong>Website<\/strong> se refer\u0103 la ITC Logic Solutions, accesibil la <a class=\"\" href=\"https:\/\/itclogic.com\">https:\/\/itclogic.com<\/a><\/li>\n\n\n\n<li><strong>Dumneavoastr\u0103<\/strong> \u00eenseamn\u0103 persoana care acceseaz\u0103 sau utilizeaz\u0103 Serviciul, ori compania \u00een numele c\u0103reia acea persoan\u0103 utilizeaz\u0103 Serviciul.<\/li>\n<\/ul>\n\n\n\n<hr class=\"wp-block-separator has-alpha-channel-opacity\"\/>\n\n\n\n<h2 class=\"wp-block-heading\">Colectarea \u0219i utilizarea datelor dumneavoastr\u0103 cu caracter personal<\/h2>\n\n\n\n<h3 class=\"wp-block-heading\">Tipuri de date colectate<\/h3>\n\n\n\n<h4 class=\"wp-block-heading\">Date cu caracter personal<\/h4>\n\n\n\n<p>Atunci c\u00e2nd utiliza\u021bi Serviciul nostru, este posibil s\u0103 v\u0103 cerem anumite informa\u021bii de identificare personal\u0103, utilizate pentru a v\u0103 contacta sau identifica. Acestea pot include:<\/p>\n\n\n\n<ul class=\"wp-block-list\">\n<li>Adres\u0103 de email<\/li>\n\n\n\n<li>Prenume \u0219i nume<\/li>\n\n\n\n<li>Nume companie<\/li>\n\n\n\n<li>Num\u0103r de telefon (dac\u0103 este completat)<\/li>\n\n\n\n<li>Date de utilizare<\/li>\n<\/ul>\n\n\n\n<h4 class=\"wp-block-heading\">Date de utilizare<\/h4>\n\n\n\n<p>Datele de utilizare sunt colectate automat \u00een timpul utiliz\u0103rii Serviciului \u0219i pot include:<\/p>\n\n\n\n<ul class=\"wp-block-list\">\n<li>Adresa IP a dispozitivului<\/li>\n\n\n\n<li>Tipul \u0219i versiunea browserului<\/li>\n\n\n\n<li>Paginile vizitate<\/li>\n\n\n\n<li>Data \u0219i ora acces\u0103rii<\/li>\n\n\n\n<li>Timpul petrecut pe pagini<\/li>\n\n\n\n<li>Identificatori unici de dispozitiv<\/li>\n\n\n\n<li>Alte date tehnice \u0219i de diagnostic<\/li>\n<\/ul>\n\n\n\n<hr class=\"wp-block-separator has-alpha-channel-opacity\"\/>\n\n\n\n<h2 class=\"wp-block-heading\">Tehnologii de urm\u0103rire \u0219i cookies<\/h2>\n\n\n\n<p>Folosim cookies \u0219i tehnologii similare pentru a urm\u0103ri activitatea pe Website \u0219i pentru a stoca anumite informa\u021bii. Tipuri de cookies utilizate:<\/p>\n\n\n\n<ul class=\"wp-block-list\">\n<li><strong>Cookies esen\u021biale<\/strong> \u2013 necesare pentru func\u021bionarea site-ului<\/li>\n\n\n\n<li><strong>Cookies de acceptare<\/strong> \u2013 re\u021bin dac\u0103 a\u021bi acceptat politica de cookies<\/li>\n\n\n\n<li><strong>Cookies func\u021bionale<\/strong> \u2013 re\u021bin preferin\u021bele de limb\u0103, autentificare etc.<\/li>\n<\/ul>\n\n\n\n<p>Ave\u021bi op\u021biunea de a dezactiva cookies din set\u0103rile browserului.<\/p>\n\n\n\n<hr class=\"wp-block-separator has-alpha-channel-opacity\"\/>\n\n\n\n<h2 class=\"wp-block-heading\">Utilizarea datelor cu caracter personal<\/h2>\n\n\n\n<p>Compania poate utiliza datele colectate pentru:<\/p>\n\n\n\n<ul class=\"wp-block-list\">\n<li>Furnizarea \u0219i men\u021binerea Serviciului<\/li>\n\n\n\n<li>Gestionarea contului de utilizator<\/li>\n\n\n\n<li>Executarea unui contract<\/li>\n\n\n\n<li>Contactarea dumneavoastr\u0103 prin email, telefon, SMS sau notific\u0103ri<\/li>\n\n\n\n<li>Oferirea de informa\u021bii despre produse\/servicii similare<\/li>\n\n\n\n<li>Gestionarea cererilor dumneavoastr\u0103<\/li>\n\n\n\n<li>Analiz\u0103 de date, \u00eembun\u0103t\u0103\u021birea serviciilor \u0219i marketing<\/li>\n\n\n\n<li>Transferuri de afaceri (fuziuni, achizi\u021bii etc.)<\/li>\n<\/ul>\n\n\n\n<hr class=\"wp-block-separator has-alpha-channel-opacity\"\/>\n\n\n\n<h2 class=\"wp-block-heading\">Divulgarea datelor dumneavoastr\u0103<\/h2>\n\n\n\n<p>Putem partaja datele dumneavoastr\u0103:<\/p>\n\n\n\n<ul class=\"wp-block-list\">\n<li>Cu furnizori de servicii (de ex. hosting, analiz\u0103 trafic)<\/li>\n\n\n\n<li>\u00cen caz de fuziuni sau transferuri de afaceri<\/li>\n\n\n\n<li>Cu afilia\u021bii no\u0219tri (sub condi\u021bia respect\u0103rii acestei politici)<\/li>\n\n\n\n<li>Cu partenerii no\u0219tri de afaceri (pentru oferte sau colabor\u0103ri)<\/li>\n\n\n\n<li>Cu alte utilizatori (doar \u00een sec\u021biuni publice, dac\u0103 aplica\u021bi)<\/li>\n\n\n\n<li>Cu consim\u021b\u0103m\u00e2ntul dumneavoastr\u0103 expres<\/li>\n<\/ul>\n\n\n\n<hr class=\"wp-block-separator has-alpha-channel-opacity\"\/>\n\n\n\n<h2 class=\"wp-block-heading\">P\u0103strarea datelor<\/h2>\n\n\n\n<p>P\u0103str\u0103m datele dumneavoastr\u0103 doar c\u00e2t timp este necesar pentru scopurile men\u021bionate. De asemenea, putem p\u0103stra anumite informa\u021bii pentru a ne conforma obliga\u021biilor legale, pentru rezolvarea disputelor sau pentru \u00eendeplinirea obliga\u021biilor contractuale.<\/p>\n\n\n\n<hr class=\"wp-block-separator has-alpha-channel-opacity\"\/>\n\n\n\n<h2 class=\"wp-block-heading\">Transferul datelor<\/h2>\n\n\n\n<p>Datele pot fi procesate \u00een afara \u021b\u0103rii dumneavoastr\u0103. Ne asigur\u0103m c\u0103 transferurile respect\u0103 standardele de protec\u021bie impuse de legisla\u021bia aplicabil\u0103.<\/p>\n\n\n\n<hr class=\"wp-block-separator has-alpha-channel-opacity\"\/>\n\n\n\n<h2 class=\"wp-block-heading\">\u0218tergerea datelor<\/h2>\n\n\n\n<p>Ave\u021bi dreptul s\u0103 ne solicita\u021bi \u0219tergerea datelor dumneavoastr\u0103 personale. Ne pute\u021bi contacta la adresa de email indicat\u0103 mai jos pentru a v\u0103 exercita acest drept.<\/p>\n\n\n\n<hr class=\"wp-block-separator has-alpha-channel-opacity\"\/>\n\n\n\n<h2 class=\"wp-block-heading\">Divulg\u0103ri legale<\/h2>\n\n\n\n<p>Putem dezv\u0103lui datele dumneavoastr\u0103:<\/p>\n\n\n\n<ul class=\"wp-block-list\">\n<li>Pentru a respecta o obliga\u021bie legal\u0103<\/li>\n\n\n\n<li>Pentru a proteja drepturile Companiei<\/li>\n\n\n\n<li>Pentru a preveni fraude sau abuzuri<\/li>\n\n\n\n<li>Pentru a proteja siguran\u021ba public\u0103 sau a utilizatorilor<\/li>\n<\/ul>\n\n\n\n<hr class=\"wp-block-separator has-alpha-channel-opacity\"\/>\n\n\n\n<h2 class=\"wp-block-heading\">Securitatea datelor<\/h2>\n\n\n\n<p>Ne angaj\u0103m s\u0103 protej\u0103m datele dumneavoastr\u0103, dar trebuie s\u0103 re\u021bine\u021bi c\u0103 nicio metod\u0103 de transmisie online sau de stocare electronic\u0103 nu este complet sigur\u0103. Aplic\u0103m m\u0103suri tehnice \u0219i organizatorice rezonabile pentru protejarea informa\u021biilor.<\/p>\n\n\n\n<hr class=\"wp-block-separator has-alpha-channel-opacity\"\/>\n\n\n\n<h2 class=\"wp-block-heading\">Confiden\u021bialitatea copiilor<\/h2>\n\n\n\n<p>Serviciul nostru nu este destinat persoanelor sub 18 ani. Nu colect\u0103m cu bun\u0103 \u0219tiin\u021b\u0103 date personale de la minori. Dac\u0103 sunte\u021bi p\u0103rinte \u0219i afla\u021bi c\u0103 minorul a furnizat date, v\u0103 rug\u0103m s\u0103 ne contacta\u021bi.<\/p>\n\n\n\n<hr class=\"wp-block-separator has-alpha-channel-opacity\"\/>\n\n\n\n<h2 class=\"wp-block-heading\">Linkuri c\u0103tre alte site-uri<\/h2>\n\n\n\n<p>Site-ul nostru poate con\u021bine linkuri c\u0103tre alte site-uri care nu sunt operate de noi. Nu ne asum\u0103m responsabilitatea pentru practicile de confiden\u021bialitate ale acestor site-uri ter\u021be.<\/p>\n\n\n\n<hr class=\"wp-block-separator has-alpha-channel-opacity\"\/>\n\n\n\n<h2 class=\"wp-block-heading\">Modific\u0103ri ale politicii de confiden\u021bialitate<\/h2>\n\n\n\n<p>Putem actualiza aceast\u0103 Politic\u0103 periodic. V\u0103 vom anun\u021ba prin email \u0219i\/sau notificare pe site \u00eenainte de intrarea \u00een vigoare a modific\u0103rilor. V\u0103 recomand\u0103m s\u0103 verifica\u021bi periodic aceast\u0103 pagin\u0103.<\/p>\n\n\n\n<hr class=\"wp-block-separator has-alpha-channel-opacity\"\/>\n\n\n\n<h2 class=\"wp-block-heading\">Contact<\/h2>\n\n\n\n<p>Dac\u0103 ave\u021bi \u00eentreb\u0103ri legate de aceast\u0103 Politic\u0103 de Confiden\u021bialitate, ne pute\u021bi contacta la:<\/p>\n\n\n\n<p>\ud83d\udce7 <strong>Email:<\/strong> <a>contact@itclogic.com<\/a><\/p>\n\n\n\n<p>\ud83c\udf10 <strong>Website:<\/strong> <a class=\"\" href=\"https:\/\/itclogic.com\">https:\/\/itclogic.com<\/a><\/p>\n","protected":false},"excerpt":{"rendered":"<p>Ultima actualizare: 05 august 2024 Aceast\u0103 Politic\u0103 de Confiden\u021bialitate descrie politicile \u0219i procedurile noastre privind colectarea, utilizarea \u0219i divulgarea datelor dumneavoastr\u0103 atunci c\u00e2nd utiliza\u021bi Serviciul \u0219i v\u0103 informeaz\u0103 despre drepturile dumneavoastr\u0103 \u00een materie de confiden\u021bialitate \u0219i despre modul \u00een care legea v\u0103 protejeaz\u0103. Folosim datele dumneavoastr\u0103 cu caracter personal pentru a furniza \u0219i \u00eembun\u0103t\u0103\u021bi Serviciul. &#8230; <a title=\"Politica de confiden\u021bialitate\" class=\"read-more\" href=\"https:\/\/itclogic.com\/ro\/privacy-policy\/\" aria-label=\"Read more about Politica de confiden\u021bialitate\">Read more<\/a><\/p>\n","protected":false},"author":1,"featured_media":0,"parent":0,"menu_order":0,"comment_status":"closed","ping_status":"closed","template":"","meta":{"_eb_attr":"","_uag_custom_page_level_css":"","footnotes":""},"class_list":["post-1420","page","type-page","status-publish"],"uagb_featured_image_src":{"full":false,"thumbnail":false,"medium":false,"medium_large":false,"large":false,"1536x1536":false,"2048x2048":false},"uagb_author_info":{"display_name":"itcl","author_link":"https:\/\/itclogic.com\/ro\/author\/itcl\/"},"uagb_comment_info":0,"uagb_excerpt":"Ultima actualizare: 05 august 2024 Aceast\u0103 Politic\u0103 de Confiden\u021bialitate descrie politicile \u0219i procedurile noastre privind colectarea, utilizarea \u0219i divulgarea datelor dumneavoastr\u0103 atunci c\u00e2nd utiliza\u021bi Serviciul \u0219i v\u0103 informeaz\u0103 despre drepturile dumneavoastr\u0103 \u00een materie de confiden\u021bialitate \u0219i despre modul \u00een care legea v\u0103 protejeaz\u0103. Folosim datele dumneavoastr\u0103 cu caracter personal pentru a furniza \u0219i \u00eembun\u0103t\u0103\u021bi Serviciul.&hellip;","_links":{"self":[{"href":"https:\/\/itclogic.com\/ro\/wp-json\/wp\/v2\/pages\/1420","targetHints":{"allow":["GET"]}}],"collection":[{"href":"https:\/\/itclogic.com\/ro\/wp-json\/wp\/v2\/pages"}],"about":[{"href":"https:\/\/itclogic.com\/ro\/wp-json\/wp\/v2\/types\/page"}],"author":[{"embeddable":true,"href":"https:\/\/itclogic.com\/ro\/wp-json\/wp\/v2\/users\/1"}],"replies":[{"embeddable":true,"href":"https:\/\/itclogic.com\/ro\/wp-json\/wp\/v2\/comments?post=1420"}],"version-history":[{"count":6,"href":"https:\/\/itclogic.com\/ro\/wp-json\/wp\/v2\/pages\/1420\/revisions"}],"predecessor-version":[{"id":1699,"href":"https:\/\/itclogic.com\/ro\/wp-json\/wp\/v2\/pages\/1420\/revisions\/1699"}],"wp:attachment":[{"href":"https:\/\/itclogic.com\/ro\/wp-json\/wp\/v2\/media?parent=1420"}],"curies":[{"name":"wp","href":"https:\/\/api.w.org\/{rel}","templated":true}]}}