{"id":1547,"date":"2025-07-30T21:52:23","date_gmt":"2025-07-30T21:52:23","guid":{"rendered":"https:\/\/itclogic.com\/?page_id=1547"},"modified":"2025-08-03T22:44:33","modified_gmt":"2025-08-03T22:44:33","slug":"commitment-to-eu-standards","status":"publish","type":"page","link":"https:\/\/itclogic.com\/ro\/commitment-to-eu-standards\/","title":{"rendered":"Standarde"},"content":{"rendered":"\n<div class=\"wp-block-essential-blocks-advanced-heading  root-eb-advance-heading-q8mgy\"><div class=\"eb-parent-wrapper eb-parent-eb-advance-heading-q8mgy \"><div class=\"eb-advance-heading-wrapper eb-advance-heading-q8mgy preset-1 undefined\" data-id=\"eb-advance-heading-q8mgy\"><h2 class=\"eb-ah-title\"><span class=\"first-title\">Suntem angaja\u021bi s\u0103 respect\u0103m standardele Uniunii Europene<\/span><\/h2><p class=\"eb-ah-subtitle\">La<strong> ITC Logic Solutions<\/strong>, ne aliniem serviciile \u0219i stack-ul tehnologic la standardele <strong>Uniunii Europene<\/strong> \u0219i la cele mai bune practici recunoscute \u00een industrie. Fie c\u0103 vorbim despre securitate cibernetic\u0103, protec\u021bia datelor sau dezvoltare software, integr\u0103m principii de conformitate precum <strong>GDPR<\/strong>, <strong>NIS2 <\/strong>\u0219i <strong>ISO\/IEC 27001<\/strong> \u00een fiecare etap\u0103 a activit\u0103\u021bii noastre. Alegerile noastre tehnologice \u2014 de la framework-uri securizate prin design p\u00e2n\u0103 la platforme open-source cu <strong>modele de licen\u021biere europene solide<\/strong> \u2014 reflect\u0103 angajamentul nostru fa\u021b\u0103 de transparen\u021b\u0103, securitate \u0219i sustenabilitate pe termen lung.<\/p><div class=\"eb-ah-separator line\"><\/div><\/div><\/div><\/div>\n\n\n\n<div class=\"wp-block-essential-blocks-feature-list  root-eb-feature-list-zhrn9\"><div class=\"eb-parent-wrapper eb-parent-eb-feature-list-zhrn9 \"><div class=\"eb-feature-list-zhrn9 eb-feature-list-wrapper eb-icon-position-left eb-tablet-icon-position-left eb-mobile-icon-position-left eb-feature-list-left\"><ul class=\"eb-feature-list-items circle stacked\"><li class=\"eb-feature-list-item\" data-new-tab=\"false\" data-icon-type=\"icon\" data-icon=\"fas fa-user-lock\" data-icon-color=\"\" data-link=\"\"><div class=\"eb-feature-list-icon-box\"><div class=\"eb-feature-list-icon-inner\"><span class=\"eb-feature-list-icon\" style=\"color:\"><i icon=\"fas fa-user-lock\" class=\"fas fa-user-lock \"><\/i><\/span><\/div><\/div><div class=\"eb-feature-list-content-box\"><h3 class=\"eb-feature-list-title\">Practici de gestionare \u0219i stocare a datelor conforme cu GDPR<\/h3><p class=\"eb-feature-list-content\">Implement\u0103m m\u0103suri stricte de protec\u021bie a datelor, aliniate la Regulamentul General privind Protec\u021bia Datelor (GDPR), inclusiv minimizarea datelor, prelucrarea legal\u0103, consim\u021b\u0103m\u00e2ntul utilizatorului \u0219i stocarea sigur\u0103. Solu\u021biile noastre asigur\u0103 gestionarea responsabil\u0103 \u0219i transparent\u0103 a datelor personale pe tot parcursul ciclului lor de via\u021b\u0103.<\/p><\/div><\/li><li class=\"eb-feature-list-item\" data-new-tab=\"false\" data-icon-type=\"icon\" data-icon=\"fas fa-file-shield\" data-icon-color=\"\" data-link=\"\"><div class=\"eb-feature-list-icon-box\"><div class=\"eb-feature-list-icon-inner\"><span class=\"eb-feature-list-icon\" style=\"color:\"><i icon=\"fas fa-file-shield\" class=\"fas fa-file-shield \"><\/i><\/span><\/div><\/div><div class=\"eb-feature-list-content-box\"><h3 class=\"eb-feature-list-title\">Arhitectur\u0103 cu securitate integrat\u0103 prin design \u00een toate solu\u021biile noastre<\/h3><p class=\"eb-feature-list-content\">Securitatea este integrat\u0103 \u00eenc\u0103 din primele etape ale proiect\u0103rii sistemelor, urm\u00e2nd o abordare \u201esecure-by-default\u201d \u0219i \u201esecure-by-design\u201d. Integr\u0103m modelarea amenin\u021b\u0103rilor, controalele de acces, criptarea \u0219i test\u0103rile periodice pentru a reduce riscurile \u0219i a asigura o protec\u021bie solid\u0103 pe tot parcursul procesului nostru de dezvoltare.<\/p><\/div><\/li><li class=\"eb-feature-list-item\" data-new-tab=\"false\" data-icon-type=\"icon\" data-icon=\"far fa-file-code\" data-icon-color=\"\" data-link=\"\"><div class=\"eb-feature-list-icon-box\"><div class=\"eb-feature-list-icon-inner\"><span class=\"eb-feature-list-icon\" style=\"color:\"><i icon=\"far fa-file-code\" class=\"far fa-file-code \"><\/i><\/span><\/div><\/div><div class=\"eb-feature-list-content-box\"><h3 class=\"eb-feature-list-title\">Utilizarea tehnologiilor open-source licen\u021biate sub modele compatibile cu legisla\u021bia UE (ex: Apache 2.0, MPL 2.0)<\/h3><p class=\"eb-feature-list-content\">Folosim \u0219i contribuim la tehnologii open-source guvernate de licen\u021be compatibile cu standardele UE \u2014 precum Apache 2.0, MIT \u0219i MPL 2.0. Acest lucru asigur\u0103 transparen\u021b\u0103, auditabilitate \u0219i sustenabilitate pe termen lung, evit\u00e2nd \u00een acela\u0219i timp dependen\u021ba de furnizori (vendor lock-in).<\/p><\/div><\/li><li class=\"eb-feature-list-item\" data-new-tab=\"false\" data-icon-type=\"icon\" data-icon=\"far fa-circle-check\" data-icon-color=\"\" data-link=\"\"><div class=\"eb-feature-list-icon-box\"><div class=\"eb-feature-list-icon-inner\"><span class=\"eb-feature-list-icon\" style=\"color:\"><i icon=\"far fa-circle-check\" class=\"far fa-circle-check \"><\/i><\/span><\/div><\/div><div class=\"eb-feature-list-content-box\"><h3 class=\"eb-feature-list-title\">Aliniere la ghidurile ENISA \u0219i standardul ISO 27001 pentru managementul riscurilor \u0219i rezilien\u021ba opera\u021bional\u0103<\/h3><p class=\"eb-feature-list-content\">Practicile noastre de securitate sunt aliniate la recomand\u0103rile Agen\u021biei Uniunii Europene pentru Securitate Cibernetic\u0103 (ENISA) \u0219i la standardele ISO\/IEC 27001. Urm\u0103m abord\u0103ri structurate pentru managementul riscurilor, controlul accesului, monitorizare \u0219i continuitatea afacerii, pentru a asigura rezilien\u021ba opera\u021bional\u0103.<\/p><\/div><\/li><li class=\"eb-feature-list-item\" data-new-tab=\"false\" data-icon-type=\"icon\" data-icon=\"fas fa-database\" data-icon-color=\"\" data-link=\"\"><div class=\"eb-feature-list-icon-box\"><div class=\"eb-feature-list-icon-inner\"><span class=\"eb-feature-list-icon\" style=\"color:\"><i icon=\"fas fa-database\" class=\"fas fa-database \"><\/i><\/span><\/div><\/div><div class=\"eb-feature-list-content-box\"><h3 class=\"eb-feature-list-title\">Infrastructur\u0103 \u0219i op\u021biuni de g\u0103zduire care asigur\u0103 reziden\u021ba datelor \u00een UE<\/h3><p class=\"eb-feature-list-content\">Oferim solu\u021bii de g\u0103zduire cu reziden\u021ba complet\u0103 a datelor \u00een Uniunea European\u0103, folosind furnizori precum Hetzner, Contabo \u0219i Wasabi. Astfel, asigur\u0103m conformitatea cu cerin\u021bele UE privind suveranitatea datelor \u0219i oferim clien\u021bilor control total asupra locului \u0219i modului \u00een care datele lor sunt stocate \u0219i procesate.<\/p><\/div><\/li><\/ul><\/div><\/div><\/div>\n\n\n\n<div class=\"wp-block-uagb-info-box uagb-block-ea6763c7 uagb-infobox__content-wrap  uagb-infobox-icon-above-title uagb-infobox-image-valign-top\"><div class=\"uagb-ifb-content\"><div class=\"uagb-ifb-image-content\"><img decoding=\"async\" src=\"https:\/\/itclogic.com\/ro\/wp-content\/uploads\/2024\/06\/consultanta-si-audit-in-implementarea-directivei-europene-NIS.png\" alt=\"\" width=\"246\" height=\"123\" loading=\"lazy\"\/><\/div><div class=\"uagb-ifb-title-wrap\"><\/div><p class=\"uagb-ifb-desc\">Membrii echipei noastre sunt auditori de securitate cibernetic\u0103 certifica\u021bi \u00een conformitate cu directiva european\u0103 NIS.<\/p><\/div><\/div>\n\n\n\n<p><\/p>\n","protected":false},"excerpt":{"rendered":"","protected":false},"author":1,"featured_media":0,"parent":0,"menu_order":0,"comment_status":"closed","ping_status":"closed","template":"","meta":{"_eb_attr":"","_uag_custom_page_level_css":"","footnotes":""},"class_list":["post-1547","page","type-page","status-publish"],"uagb_featured_image_src":{"full":false,"thumbnail":false,"medium":false,"medium_large":false,"large":false,"1536x1536":false,"2048x2048":false},"uagb_author_info":{"display_name":"itcl","author_link":"https:\/\/itclogic.com\/ro\/author\/itcl\/"},"uagb_comment_info":0,"uagb_excerpt":null,"_links":{"self":[{"href":"https:\/\/itclogic.com\/ro\/wp-json\/wp\/v2\/pages\/1547","targetHints":{"allow":["GET"]}}],"collection":[{"href":"https:\/\/itclogic.com\/ro\/wp-json\/wp\/v2\/pages"}],"about":[{"href":"https:\/\/itclogic.com\/ro\/wp-json\/wp\/v2\/types\/page"}],"author":[{"embeddable":true,"href":"https:\/\/itclogic.com\/ro\/wp-json\/wp\/v2\/users\/1"}],"replies":[{"embeddable":true,"href":"https:\/\/itclogic.com\/ro\/wp-json\/wp\/v2\/comments?post=1547"}],"version-history":[{"count":12,"href":"https:\/\/itclogic.com\/ro\/wp-json\/wp\/v2\/pages\/1547\/revisions"}],"predecessor-version":[{"id":1690,"href":"https:\/\/itclogic.com\/ro\/wp-json\/wp\/v2\/pages\/1547\/revisions\/1690"}],"wp:attachment":[{"href":"https:\/\/itclogic.com\/ro\/wp-json\/wp\/v2\/media?parent=1547"}],"curies":[{"name":"wp","href":"https:\/\/api.w.org\/{rel}","templated":true}]}}